{"id":17716,"date":"2020-03-09T19:47:15","date_gmt":"2020-03-09T18:47:15","guid":{"rendered":"https:\/\/www.media-lab.at\/?page_id=17716"},"modified":"2020-04-27T21:30:20","modified_gmt":"2020-04-27T19:30:20","slug":"newsletter-anmeldung","status":"publish","type":"page","link":"https:\/\/media-lab.at\/cms\/newsletter-anmeldung\/","title":{"rendered":"Newsletter"},"content":{"rendered":"<span class=\"span-reading-time rt-reading-time\" style=\"display: block;\"><span class=\"rt-label rt-prefix\">Gesch\u00e4tzte Lesezeit: <\/span> <span class=\"rt-time\"> &lt; 1<\/span> <span class=\"rt-label rt-postfix\">Minute<\/span><\/span>\n<div style=\"height:45px\" aria-hidden=\"true\" class=\"wp-block-spacer\"><\/div>\n\n\n\n<div class=\"wp-block-media-text alignwide has-media-on-the-right is-stacked-on-mobile is-image-fill img-newsletter-motivation\"><figure class=\"wp-block-media-text__media\" style=\"background-image:url(https:\/\/media-lab.at\/cms\/wp-content\/uploads\/2020\/04\/newsletter_anmeldung-640x1024.jpg);background-position:50% 50%\"><img loading=\"lazy\" width=\"640\" height=\"1024\" src=\"https:\/\/media-lab.at\/cms\/wp-content\/uploads\/2020\/04\/newsletter_anmeldung-640x1024.jpg\" alt=\"\" class=\"wp-image-18401\" srcset=\"https:\/\/media-lab.at\/cms\/wp-content\/uploads\/2020\/04\/newsletter_anmeldung-640x1024.jpg 640w, https:\/\/media-lab.at\/cms\/wp-content\/uploads\/2020\/04\/newsletter_anmeldung-188x300.jpg 188w, https:\/\/media-lab.at\/cms\/wp-content\/uploads\/2020\/04\/newsletter_anmeldung-768x1229.jpg 768w, https:\/\/media-lab.at\/cms\/wp-content\/uploads\/2020\/04\/newsletter_anmeldung-960x1536.jpg 960w, https:\/\/media-lab.at\/cms\/wp-content\/uploads\/2020\/04\/newsletter_anmeldung-800x1280.jpg 800w, https:\/\/media-lab.at\/cms\/wp-content\/uploads\/2020\/04\/newsletter_anmeldung-550x880.jpg 550w, https:\/\/media-lab.at\/cms\/wp-content\/uploads\/2020\/04\/newsletter_anmeldung-100x160.jpg 100w, https:\/\/media-lab.at\/cms\/wp-content\/uploads\/2020\/04\/newsletter_anmeldung-94x150.jpg 94w, https:\/\/media-lab.at\/cms\/wp-content\/uploads\/2020\/04\/newsletter_anmeldung-31x50.jpg 31w, https:\/\/media-lab.at\/cms\/wp-content\/uploads\/2020\/04\/newsletter_anmeldung-113x180.jpg 113w, https:\/\/media-lab.at\/cms\/wp-content\/uploads\/2020\/04\/newsletter_anmeldung-225x360.jpg 225w, https:\/\/media-lab.at\/cms\/wp-content\/uploads\/2020\/04\/newsletter_anmeldung.jpg 1000w\" sizes=\"(max-width: 640px) 100vw, 640px\" \/><\/figure><div class=\"wp-block-media-text__content\">\n<h2>Jetzt anmelden.<\/h2>\n\n\n\n<h3>Und durchstarten!<\/h3>\n\n\n\n<hr class=\"wp-block-separator header-seperator is-style-default\"\/>\n\n\n\n<p class=\"text-justified\">In einer Zeit, wo die Minuten immer schneller zu verstreichen scheinen und im selben Moment jede Sekunde Tonnen an Daten und Informationen auf uns einprasseln, ist es wichtig, den \u00dcberblick zu behalten. Dieser Newsletter hat zum einen das Ziel,  Ihre kostbare Zeit zu sparen und Sie zuk\u00fcnftig einmal im Monat mit neuen Trends, Angeboten, Tipps und Tricks aus dem Bereich Marketing zu versorgen. Zum anderen wollen wir Sie mit zus\u00e4tzlichem Wissen versorgen, damit Sie &#8220;bessere&#8221; unternehmerische Entscheidungen treffen k\u00f6nnen. <\/p>\n\n\n\n<p class=\"text-justified\">Jene Unternehmer und Unternehmen, die bereits mit uns zusammen, wissen, dass wir immer ein hohes Ma\u00df an Qualit\u00e4t der von uns zur Verf\u00fcgung gestellten Informationen anstreben. Das gilt ebenfalls f\u00fcr diese Inhalte. <\/p>\n\n\n\n<p>Dieser Newsletter enth\u00e4lt Informationen zu unseren Produkten, Angeboten, Aktionen und unserem Unternehmen. Hinweise zum Datenschutz, Widerruf sowie Erfolgsmessung und Protokollierung erhalten Sie in unserer <a rel=\"noreferrer noopener\" aria-label=\"Datenschutzerkl\u00e4rung (\u00f6ffnet in neuem Tab)\" href=\"https:\/\/media-lab.at\/cms\/datenschutz\/\" target=\"_blank\">Datenschutzerkl\u00e4rung<\/a>.<\/p>\n\n\n\n<div style=\"height:25px\" aria-hidden=\"true\" class=\"wp-block-spacer\"><\/div>\n\n\n\n<h4>Pers\u00f6nliche Daten<\/h4>\n\n\n\n<script>\nfunction loadjQuery(e,t){var n=document.createElement(\"script\");n.setAttribute(\"src\",e);n.onload=t;n.onreadystatechange=function(){if(this.readyState==\"complete\"||this.readyState==\"loaded\")t()};document.getElementsByTagName(\"head\")[0].appendChild(n)}function main(){\nvar $cr=jQuery.noConflict();var old_src;$cr(document).ready(function(){$cr(\".cr_form\").submit(function(){$cr(this).find('.clever_form_error').removeClass('clever_form_error');$cr(this).find('.clever_form_note').remove();$cr(this).find(\".musthave\").find('input, textarea').each(function(){if(jQuery.trim($cr(this).val())==\"\"||($cr(this).is(':checkbox'))||($cr(this).is(':radio'))){if($cr(this).is(':checkbox')||($cr(this).is(':radio'))){if(!$cr(this).parent().find(\":checked\").is(\":checked\")){$cr(this).parent().addClass('clever_form_error')}}else{$cr(this).addClass('clever_form_error')}}});if($cr(this).attr(\"action\").search(document.domain)>0&&$cr(\".cr_form\").attr(\"action\").search(\"wcs\")>0){var cr_email=$cr(this).find('input[name=email]');var unsub=false;if($cr(\"input['name=cr_subunsubscribe'][value='false']\").length){if($cr(\"input['name=cr_subunsubscribe'][value='false']\").is(\":checked\")){unsub=true}}if(cr_email.val()&&!unsub){$cr.ajax({type:\"GET\",url:$cr(\".cr_form\").attr(\"action\").replace(\"wcs\",\"check_email\")+$cr(this).find('input[name=email]').val(),success:function(data){if(data){cr_email.addClass('clever_form_error').before(\"<div class='clever_form_note cr_font'>\"+data+\"<\/div>\");return false}},async:false})}var cr_captcha=$cr(this).find('input[name=captcha]');if(cr_captcha.val()){$cr.ajax({type:\"GET\",url:$cr(\".cr_form\").attr(\"action\").replace(\"wcs\",\"check_captcha\")+$cr(this).find('input[name=captcha]').val(),success:function(data){if(data){cr_captcha.addClass('clever_form_error').after(\"<div style='display:block' class='clever_form_note cr_font'>\"+data+\"<\/div>\");return false}},async:false})}}if($cr(this).find('.clever_form_error').length){return false}return true});$cr('input[class*=\"cr_number\"]').change(function(){if(isNaN($cr(this).val())){$cr(this).val(1)}if($cr(this).attr(\"min\")){if(($cr(this).val()*1)<($cr(this).attr(\"min\")*1)){$cr(this).val($cr(this).attr(\"min\"))}}if($cr(this).attr(\"max\")){if(($cr(this).val()*1)>($cr(this).attr(\"max\")*1)){$cr(this).val($cr(this).attr(\"max\"))}}});old_src=$cr(\"div[rel='captcha'] img:not(.captcha2_reload)\").attr(\"src\");if($cr(\"div[rel='captcha'] img:not(.captcha2_reload)\").length!=0){captcha_reload()}});function captcha_reload(){var timestamp=new Date().getTime();$cr(\"div[rel='captcha'] img:not(.captcha2_reload)\").attr(\"src\",\"\");$cr(\"div[rel='captcha'] img:not(.captcha2_reload)\").attr(\"src\",old_src+\"?t=\"+timestamp);return false}\n\n}\nif(typeof jQuery===\"undefined\"){loadjQuery(\"\/\/ajax.googleapis.com\/ajax\/libs\/jquery\/1.4.2\/jquery.min.js\",main)}else{main()}\n\n<\/script>\n\n\n<style>\n.cr_site{margin:0;padding:75px 0 0 0;text-align:center;background-color:#eeeeee;}\n.cr_font{font-size: 14px;font-family: Arial;}\n.cr_body h2, .cr_header h2{font-size:22px;line-height:28px;margin:0 0 10px 0;}\n.cr_body h1, .cr_header h2{font-size:28px;margin-bottom:15px;padding:0;margin-top:0;}\n.wrapper, .cr_page{margin:0 auto 10px auto;text-align:left;border-radius:4px;}\n.cr_header{text-align:center;background: transparent !Important;}\n.cr_body label{float:none;clear:both;display:block;width:auto;margin-top:8px;text-align:left;font-weight:bold;position:relative;}\n.cr_button{display:inline-block;font-family:'Helvetica', Arial, sans-serif;width:auto;white-space:nowrap;height:32px;margin:5px 5px 0 0;padding:0 22px;text-decoration:none;text-align:center;font-weight:bold;font-style:normal;font-size:15px;line-height:32px;cursor:pointer;border:0;-moz-border-radius:4px;border-radius:4px;-webkit-border-radius:4px;vertical-align:top;}\n.cr_button{background-color:#333;color:#ffffff;}\n.cr_button:hover,.cr_button-small:hover{opacity:0.7;filter:alpha(opacity=70);}\n.powered{padding:20px 0;width:560px;margin:0 auto;}\n.formbox{line-height:150%;font-family:Helvetica;font-size:12px;color:#333333;padding:20px;background-color:#ffffff;border-radius: 6px 6px 6px 6px;}\n.cr_ipe_item label{line-height:150%;font-size:14px;}\n.cr_ipe_item textarea {background: none repeat scroll 0 0 #eeeeee;border: 1px solid #aaa;font-family: Helvetica;font-size: 16px;}\n.cr_ipe_item input {background: none repeat scroll 0 0 #eeeeee;border: 1px solid #aaa;padding: 5px;font-family: Helvetica;font-size: 16px;}\n.cr_ipe_item select {background: none repeat scroll 0 0 #eeeeee;border: 1px solid #aaa;display: block;margin: 0;padding: 5px;width: 100%;font-family: Helvetica;font-size: 16px;}\n.cr_ipe_item input.cr_ipe_radio, input.cr_ipe_checkbox {-moz-binding: none;-moz-box-sizing: border-box;background-color: -moz-field !important;border: 2px inset threedface !important;color: -moz-fieldtext !important;cursor: default;height: 13px;padding: 0 !important;width: 13px;}\n.cr_ipe_item input.cr_ipe_radio{-moz-appearance: radio;border-radius: 100% 100% 100% 100% !important;margin: 3px 3px 0 5px;}\n.submit_container{text-align:center}\n.cr_ipe_item{ padding:1px 10px; margin:1px 10px; }\n.cr_ipe_item.inactive {display:none;}\n.imprint{font-size:0.8em;}\n.cr_captcha{padding-left:130px;}\n.cr_error{font-size:1.1em;padding:10px;}\n.clever_form_error{background-color:#f99; color:#000; border:1px solid #f22 !important}\n.clever_form_note {margin:26px 0 0 3px;position:absolute;display:inline; padding: 2px 4px; font-weight:bold;background-color:#f2ecb5; color:#000; font-size:12px !important;  }\n.cr_site {background-color:#eee;}\n.cr_header {color:#000000;}\n.cr_body {background-color:#ffffff;font-size:12px;color:#000000;}\n.cr_hr {background-color:#ccc;}\n.cr_site a {color:#0084ff;}\n.imprint{color:#000;}\n\n<\/style>\n\n\n\n\n<form class=\"layout_form cr_form cr_font\" action=\"https:\/\/eu2.cleverreach.com\/f\/234024-242910\/wcs\/\" method=\"post\" target=\"_blank\">\n\t<div class=\"cr_body cr_page cr_font formbox\">\n\t\t<div class=\"non_sortable\" style=\"text-align:left;\">\n\t\t\t\n\t\t<\/div>\n\t\t\n\t\t<div class=\"editable_content\" style=\"text-align:left;\">\n\t\t<div id=\"5311217\" rel=\"radio\" class=\"cr_ipe_item ui-sortable musthave\" style=\" margin-bottom:0px;\">\n<div style=\"overflow:auto;\">\n\n<input id=\"Frau5311217\" class=\"cr_ipe_radio\" name=\"1135792\" type=\"radio\" value=\"Frau\">Frau&nbsp;\n\n<input id=\"Herr5311217\" class=\"cr_ipe_radio\" name=\"1135792\" type=\"radio\" value=\"Herr\">Herr&nbsp;\n\n<\/div>\n<\/div><div id=\"5311218\" rel=\"text\" class=\"cr_ipe_item ui-sortable musthave\" style=\" margin-bottom:0px;\">\n<input id=\"text5311218\" name=\"1135794\" type=\"text\" placeholder=\"Vorname\" value=\"\" style=\"width:100%;\">\n<\/div><div id=\"5311219\" rel=\"text\" class=\"cr_ipe_item ui-sortable musthave\" style=\" margin-bottom:0px;\">\n<input id=\"text5311219\" name=\"1135795\" type=\"text\" placeholder=\"Zuname\" value=\"\" style=\"width:100%;\">\n<\/div><div id=\"5234351\" rel=\"email\" class=\"cr_ipe_item ui-sortable musthave\" style=\"margin-bottom:px;\">\n<input id=\"text5234351\" name=\"email\" placeholder=\"E-Mail-Adresse\" value=\"\" type=\"text\" style=\"width:100%;\">\n<\/div><div id=\"5319407\" rel=\"checkbox\" class=\"cr_ipe_item ui-sortable musthave\" style=\" margin-bottom:-24px;\">\n<div style=\"overflow:auto;\">\n\n<input id=\"Ich best\u00e4tige hiermit die Datenschutzbestimmungen gelesen zu haben und stimme diesen zu.5319407\" class=\"cr_ipe_checkbox\" name=\"1135808[]\" value=\"Ich best\u00e4tige hiermit die Datenschutzbestimmungen gelesen zu haben und stimme diesen zu.\" type=\"checkbox\">Ich habe die Datenschutzbestimmungen gelesen und stimme diesen zu.&nbsp;\n\n<\/div>\n<br style=\"clear:left;\">\n<\/div><div id=\"5319408\" rel=\"mce_text\" class=\"cr_ipe_item ui-sortable\">\n<div class=\"mce_text\"><p style=\"text-align: left;\" mce_style=\"text-align: left;\">Zu den <a href=\"https:\/\/media-lab.at\/cms\/datenschutz\" title=\"Datenschutzbestimmungen\" target=\"_blank\" rel=\"noopener noreferrer\">Datenschutzbestimmungen<\/a>.<\/p><\/div>\n<\/div><div id=\"5234352\" rel=\"button\" class=\"cr_ipe_item ui-sortable submit_container\" style=\"text-align:center; margin-bottom:15px;\">\n<button type=\"submit\" class=\"cr_button\">Anmelden<\/button>\n<\/div><div id=\"5400419\" rel=\"mce_text\" class=\"cr_ipe_item ui-sortable\">\n<div class=\"mce_text\"><p><span style=\"box-sizing: inherit; margin: 0px; padding: 0px; border: 0px; outline: 0px; font-style: italic; vertical-align: baseline; color: rgb(110, 110, 106); font-variant-ligatures: normal; orphans: 2; widows: 2;\" mce_style=\"box-sizing: inherit; margin: 0px; padding: 0px; border: 0px; outline: 0px; font-style: italic; vertical-align: baseline; color: #6e6e6a; font-variant-ligatures: normal; orphans: 2; widows: 2;\"><span style=\"font-size: small;\" mce_style=\"font-size: small;\">HINWEIS: S\u00e4mtliche Felder sind Pflichtfelder<\/span><\/span><\/p><\/div>\n<\/div>\n        <\/div>\n        \n\t<noscript><a href=\"http:\/\/www.cleverreach.de\">www.CleverReach.de<\/a><\/noscript>\n    <\/div>\n\n    \n    \n    \n\n    \n    <div class=\"badge cr_page cr_body\" style=\"text-align:center; border:none !Important; background:transparent !Important;\"><a href=\"https:\/\/www.cleverreach.de\/?utm_source=system&amp;utm_medium=form&amp;utm_campaign=c234024\" target=\"_blank\" rel=\"noopener noreferrer\"><img src=\"https:\/\/d388us03v35p3m.cloudfront.net\/cr3_images\/badget1.png\" border=\"0\"><\/a><\/div>\n    \n<\/form>\n\n\n\n<p><\/p>\n<\/div><\/div>\n\n\n\n<div style=\"height:40px\" aria-hidden=\"true\" class=\"wp-block-spacer\"><\/div>\n","protected":false},"excerpt":{"rendered":"<p><span class=\"span-reading-time rt-reading-time\" style=\"display: block;\"><span class=\"rt-label rt-prefix\">Gesch\u00e4tzte Lesezeit: <\/span> <span class=\"rt-time\"> &lt; 1<\/span> <span class=\"rt-label rt-postfix\">Minute<\/span><\/span><\/p>\n","protected":false},"author":1,"featured_media":0,"parent":0,"menu_order":11,"comment_status":"closed","ping_status":"closed","template":"","meta":{"_links_to":"","_links_to_target":""},"_links":{"self":[{"href":"https:\/\/media-lab.at\/cms\/wp-json\/wp\/v2\/pages\/17716"}],"collection":[{"href":"https:\/\/media-lab.at\/cms\/wp-json\/wp\/v2\/pages"}],"about":[{"href":"https:\/\/media-lab.at\/cms\/wp-json\/wp\/v2\/types\/page"}],"author":[{"embeddable":true,"href":"https:\/\/media-lab.at\/cms\/wp-json\/wp\/v2\/users\/1"}],"replies":[{"embeddable":true,"href":"https:\/\/media-lab.at\/cms\/wp-json\/wp\/v2\/comments?post=17716"}],"version-history":[{"count":73,"href":"https:\/\/media-lab.at\/cms\/wp-json\/wp\/v2\/pages\/17716\/revisions"}],"predecessor-version":[{"id":18700,"href":"https:\/\/media-lab.at\/cms\/wp-json\/wp\/v2\/pages\/17716\/revisions\/18700"}],"wp:attachment":[{"href":"https:\/\/media-lab.at\/cms\/wp-json\/wp\/v2\/media?parent=17716"}],"curies":[{"name":"wp","href":"https:\/\/api.w.org\/{rel}","templated":true}]}}